{"id":131,"date":"2022-08-30T20:58:12","date_gmt":"2022-08-30T18:58:12","guid":{"rendered":"http:\/\/www.studienseminar-vechta.de\/hp\/?page_id=131"},"modified":"2024-09-16T09:42:21","modified_gmt":"2024-09-16T07:42:21","slug":"herzlich-willkommen","status":"publish","type":"page","link":"https:\/\/www.studienseminar-vechta.de\/hp\/","title":{"rendered":"Herzlich willkommen"},"content":{"rendered":"\n<p><\/p>\n\n\n<div class=\"wp-block-image\">\n<figure class=\"alignleft size-full is-resized\"><img loading=\"lazy\" decoding=\"async\" width=\"800\" height=\"559\" src=\"https:\/\/www.studienseminar-vechta.de\/hp\/wp-content\/uploads\/2022\/08\/seminarraeume-004.jpg\" alt=\"\" class=\"wp-image-210\" style=\"width:400px\" srcset=\"https:\/\/www.studienseminar-vechta.de\/hp\/wp-content\/uploads\/2022\/08\/seminarraeume-004.jpg 800w, https:\/\/www.studienseminar-vechta.de\/hp\/wp-content\/uploads\/2022\/08\/seminarraeume-004-300x210.jpg 300w, https:\/\/www.studienseminar-vechta.de\/hp\/wp-content\/uploads\/2022\/08\/seminarraeume-004-768x537.jpg 768w\" sizes=\"auto, (max-width: 800px) 100vw, 800px\" \/><\/figure>\n<\/div>\n\n\n<p>Als Studienseminar am Standort Vechta bilden wir angehende Lehrerinnen und Lehrer f\u00fcr das Lehramt an Grundschulen und das Lehramt an Haupt- und Realschulen aus.<\/p>\n\n\n\n<p>Nach erfolgreich abgeschlossenem Masterstudium erwerben die sogenannten Lehrkr\u00e4fte im Vorbereitungsdienst bei uns vielf\u00e4ltige berufsbezogene Kompetenzen f\u00fcr eine erfolgreiche Lehrt\u00e4tigkeit in engem Bezug zur Schulpraxis. Der Vorbereitungsdienst beginnt jeweils zum August und Februar. Die 18-monatige Ausbildung setzt&nbsp;eine Zuweisung durch das Regionale Landesamt f\u00fcr Schule und Bildung an unser Studienseminar voraus.<\/p>\n\n\n\n<p>Wir betreuen unsere Lehrkr\u00e4fte im Vorbereitungsdienst an Grundschulen, Haupt- und Realschulen sowie Oberschulen und einer IGS in den Landkreisen und St\u00e4dten Vechta und Cloppenburg auf ihrem Weg hin zum beruflichen Einstieg.<\/p>\n\n\n\n<p><a href=\"https:\/\/www.studienseminar-vechta.de\/hp\/faecheruebersicht\/\">Hier<\/a> k\u00f6nnen Sie sehen, in welchen Unterrichtsf\u00e4chern Sie Ihren Vorbereitungsdienst in Zusammenarbeit mit unseren <a href=\"https:\/\/www.studienseminar-vechta.de\/hp\/kollegium\/\">Seminarleiterinnen und Seminarleitern<\/a> absolvieren k\u00f6nnen. Au\u00dferdem bieten wir Ihnen die M\u00f6glichkeit, <a href=\"https:\/\/www.studienseminar-vechta.de\/hp\/zusatzqualifikationen\/\">Zusatzqualifikationen<\/a> zu erwerben.<\/p>\n\n\n\n<p><strong>Seien Sie uns herzlich willkommen und nehmen gerne Kontakt mit uns auf!<\/strong><\/p>\n\n\n\n<p>Neben sehr guten Ausbildungsbedingungen bietet die lebendige Universit\u00e4tsstadt Vechta einen perfekten Standort f\u00fcr Ihren Berufsstart in der Schule. Durch viele Naherholungsgebiete in den Landkreisen Vechta und Cloppenburg, abwechslungsreiche kulturelle Angebote, zahlreiche Einkaufsm\u00f6glichkeiten und vielf\u00e4ltige weitere Freizeitm\u00f6glichkeiten kommt hier in der Region auch die Entspannung nicht zu kurz.<\/p>\n\n\n\n<p>Und wenn es Sie zwischendurch doch einmal in eine gr\u00f6\u00dfere Stadt ziehen sollte, sind Sie dank der Nordwestbahn und unserer guten Autobahn- und Fernstra\u00dfenanbindung schnell am Ziel.<\/p>\n\n\n\n<p>F\u00fcr weitere Informationen zum 18-monatigen Vorbereitungsdienst auf Grundlage der\u00a0APVO-Lehr\u00a0f\u00fcr das Lehramt an Grundschulen oder das Lehramt an Haupt- und Realschulen klicken Sie bitte auf die Seite des <a href=\"https:\/\/www.mk.niedersachsen.de\/startseite\/\" target=\"_blank\" rel=\"noreferrer noopener\">Nieders\u00e4chsischen Kultusministeriums<\/a>.<\/p>\n\n\n\n<p>Auch die Seiten der <a href=\"https:\/\/www.rlsb.de\/\" target=\"_blank\" rel=\"noreferrer noopener\">Regionalen Landes\u00e4mter f\u00fcr Schule und Bildung<\/a> bieten n\u00e4here Informationen zum Beispiel zu den Einstellungsterminen oder zu Ihrer Bewerbung.<\/p>\n\n\n\n<p>Eine \u00dcbersicht zum Einstieg in den Schuldienst erhalten Sie beim Portal \u201e<a href=\"https:\/\/www.mk.niedersachsen.de\/startseite\/schule\/lehrkrafte_und_nichtlehrendes_personal\/wege_in_den_schuldienst\/\" target=\"_blank\" rel=\"noreferrer noopener\">Wege in den Schuldienst<\/a>\u201c des Nieders\u00e4chsischen Kultusministeriums.<\/p>\n","protected":false},"excerpt":{"rendered":"<p>Als Studienseminar am Standort Vechta bilden wir angehende Lehrerinnen und Lehrer f\u00fcr das Lehramt an Grundschulen und das Lehramt an Haupt- und Realschulen aus. Nach erfolgreich abgeschlossenem Masterstudium erwerben die sogenannten Lehrkr\u00e4fte im Vorbereitungsdienst&#46;&#46;&#46;<\/p>\n","protected":false},"author":1,"featured_media":0,"parent":0,"menu_order":0,"comment_status":"closed","ping_status":"closed","template":"","meta":{"pgc_sgb_lightbox_settings":"","footnotes":""},"class_list":["post-131","page","type-page","status-publish","hentry"],"_links":{"self":[{"href":"https:\/\/www.studienseminar-vechta.de\/hp\/wp-json\/wp\/v2\/pages\/131","targetHints":{"allow":["GET"]}}],"collection":[{"href":"https:\/\/www.studienseminar-vechta.de\/hp\/wp-json\/wp\/v2\/pages"}],"about":[{"href":"https:\/\/www.studienseminar-vechta.de\/hp\/wp-json\/wp\/v2\/types\/page"}],"author":[{"embeddable":true,"href":"https:\/\/www.studienseminar-vechta.de\/hp\/wp-json\/wp\/v2\/users\/1"}],"replies":[{"embeddable":true,"href":"https:\/\/www.studienseminar-vechta.de\/hp\/wp-json\/wp\/v2\/comments?post=131"}],"version-history":[{"count":17,"href":"https:\/\/www.studienseminar-vechta.de\/hp\/wp-json\/wp\/v2\/pages\/131\/revisions"}],"predecessor-version":[{"id":560,"href":"https:\/\/www.studienseminar-vechta.de\/hp\/wp-json\/wp\/v2\/pages\/131\/revisions\/560"}],"wp:attachment":[{"href":"https:\/\/www.studienseminar-vechta.de\/hp\/wp-json\/wp\/v2\/media?parent=131"}],"curies":[{"name":"wp","href":"https:\/\/api.w.org\/{rel}","templated":true}]}}