{"id":214,"date":"2022-08-31T21:25:45","date_gmt":"2022-08-31T19:25:45","guid":{"rendered":"https:\/\/www.studienseminar-vechta.de\/hp\/?page_id=214"},"modified":"2023-02-16T08:37:42","modified_gmt":"2023-02-16T07:37:42","slug":"seminarraeume","status":"publish","type":"page","link":"https:\/\/www.studienseminar-vechta.de\/hp\/seminarraeume\/","title":{"rendered":"Seminarr\u00e4ume"},"content":{"rendered":"\n<figure class=\"wp-block-image size-large is-style-default\"><img loading=\"lazy\" decoding=\"async\" width=\"1024\" height=\"681\" src=\"https:\/\/www.studienseminar-vechta.de\/hp\/wp-content\/uploads\/2023\/02\/2023-02-15-dienststelle-1b-1024x681.jpg\" alt=\"\" class=\"wp-image-371\" srcset=\"https:\/\/www.studienseminar-vechta.de\/hp\/wp-content\/uploads\/2023\/02\/2023-02-15-dienststelle-1b-1024x681.jpg 1024w, https:\/\/www.studienseminar-vechta.de\/hp\/wp-content\/uploads\/2023\/02\/2023-02-15-dienststelle-1b-300x200.jpg 300w, https:\/\/www.studienseminar-vechta.de\/hp\/wp-content\/uploads\/2023\/02\/2023-02-15-dienststelle-1b-768x511.jpg 768w, https:\/\/www.studienseminar-vechta.de\/hp\/wp-content\/uploads\/2023\/02\/2023-02-15-dienststelle-1b.jpg 1200w\" sizes=\"auto, (max-width: 1024px) 100vw, 1024px\" \/><figcaption class=\"wp-element-caption\">Hauptgeb\u00e4ude an der F\u00fcchteler Stra\u00dfe 52<\/figcaption><\/figure>\n\n\n\n<p>Das Studienseminar Vechta f\u00fcr die Lehr\u00e4mter an Grund-, Haupt- und Realschulen ist an zwei Standorten beheimatet. Im Hauptgeb\u00e4ude an der F\u00fcchteler Stra\u00dfe 52 befindet sich die Verwaltung sowie zwei Seminarr\u00e4ume. Am zweiten Standort an der Bremer Stra\u00dfe 28 k\u00f6nnen in insgesamt vier Seminarr\u00e4umen Seminare durchgef\u00fchrt werden.<\/p>\n\n\n\n<figure class=\"wp-block-image size-large\"><img loading=\"lazy\" decoding=\"async\" width=\"1024\" height=\"681\" src=\"https:\/\/www.studienseminar-vechta.de\/hp\/wp-content\/uploads\/2023\/02\/2023-02-15-dienststelle-2b-1024x681.jpg\" alt=\"\" class=\"wp-image-372\" srcset=\"https:\/\/www.studienseminar-vechta.de\/hp\/wp-content\/uploads\/2023\/02\/2023-02-15-dienststelle-2b-1024x681.jpg 1024w, https:\/\/www.studienseminar-vechta.de\/hp\/wp-content\/uploads\/2023\/02\/2023-02-15-dienststelle-2b-300x200.jpg 300w, https:\/\/www.studienseminar-vechta.de\/hp\/wp-content\/uploads\/2023\/02\/2023-02-15-dienststelle-2b-768x511.jpg 768w, https:\/\/www.studienseminar-vechta.de\/hp\/wp-content\/uploads\/2023\/02\/2023-02-15-dienststelle-2b.jpg 1200w\" sizes=\"auto, (max-width: 1024px) 100vw, 1024px\" \/><figcaption class=\"wp-element-caption\">Zweiter Standort an der Bremer Stra\u00dfe 28<\/figcaption><\/figure>\n\n\n\n<h4 class=\"wp-block-heading\">Impressionen aus dem Seminaralltag in den Seminarr\u00e4umen<\/h4>\n\n\n<div class=\"pgc-sgb-cb wp-block-pgcsimplygalleryblock-grid \" data-gallery-id=\"eec24698\"><div class=\"sgb-preloader\" id=\"pr_eec24698\">\n\t<div class=\"sgb-square\" style=\"background:#d4d4d4\"><\/div>\n\t<div class=\"sgb-square\" style=\"background:#d4d4d4\"><\/div>\n\t<div class=\"sgb-square\" style=\"background:#d4d4d4\"><\/div>\n\t<div class=\"sgb-square\" style=\"background:#d4d4d4\"><\/div><\/div><div class=\"simply-gallery-amp pgc_sgb_slider \"><noscript><div class=\"sgb-gallery\"><div class=\"sgb-item\"><a href=\"https:\/\/www.studienseminar-vechta.de\/hp\/seminarraeume\/seminarraeume-001\/\" target=\"_blank\"><img decoding=\"async\" alt=\"\" width=\"300\" height=\"251\" loading=\"lazy\" src=\"https:\/\/www.studienseminar-vechta.de\/hp\/wp-content\/uploads\/2022\/08\/seminarraeume-001-300x251.jpg\" srcset=\"https:\/\/www.studienseminar-vechta.de\/hp\/wp-content\/uploads\/2022\/08\/seminarraeume-001-300x251.jpg 300w,https:\/\/www.studienseminar-vechta.de\/hp\/wp-content\/uploads\/2022\/08\/seminarraeume-001.jpg 800w\" sizes=\"auto, 250px\"\/><\/a><\/div><div class=\"sgb-item\"><a href=\"https:\/\/www.studienseminar-vechta.de\/hp\/seminarraeume\/seminarraeume-002\/\" target=\"_blank\"><img decoding=\"async\" alt=\"\" width=\"300\" height=\"171\" loading=\"lazy\" src=\"https:\/\/www.studienseminar-vechta.de\/hp\/wp-content\/uploads\/2022\/08\/seminarraeume-002-300x171.jpg\" srcset=\"https:\/\/www.studienseminar-vechta.de\/hp\/wp-content\/uploads\/2022\/08\/seminarraeume-002-300x171.jpg 300w,https:\/\/www.studienseminar-vechta.de\/hp\/wp-content\/uploads\/2022\/08\/seminarraeume-002.jpg 800w\" sizes=\"auto, 250px\"\/><\/a><\/div><div class=\"sgb-item\"><a href=\"https:\/\/www.studienseminar-vechta.de\/hp\/seminarraeume\/seminarraeume-003\/\" target=\"_blank\"><img decoding=\"async\" alt=\"\" width=\"300\" height=\"174\" loading=\"lazy\" src=\"https:\/\/www.studienseminar-vechta.de\/hp\/wp-content\/uploads\/2022\/08\/seminarraeume-003-300x174.jpg\" srcset=\"https:\/\/www.studienseminar-vechta.de\/hp\/wp-content\/uploads\/2022\/08\/seminarraeume-003-300x174.jpg 300w,https:\/\/www.studienseminar-vechta.de\/hp\/wp-content\/uploads\/2022\/08\/seminarraeume-003.jpg 800w\" sizes=\"auto, 250px\"\/><\/a><\/div><div class=\"sgb-item\"><a href=\"https:\/\/www.studienseminar-vechta.de\/hp\/seminarraeume\/seminarraeume-005\/\" target=\"_blank\"><img decoding=\"async\" alt=\"\" width=\"300\" height=\"158\" loading=\"lazy\" src=\"https:\/\/www.studienseminar-vechta.de\/hp\/wp-content\/uploads\/2022\/08\/seminarraeume-005-300x158.jpg\" srcset=\"https:\/\/www.studienseminar-vechta.de\/hp\/wp-content\/uploads\/2022\/08\/seminarraeume-005-300x158.jpg 300w,https:\/\/www.studienseminar-vechta.de\/hp\/wp-content\/uploads\/2022\/08\/seminarraeume-005.jpg 800w\" sizes=\"auto, 250px\"\/><\/a><\/div><div class=\"sgb-item\"><a href=\"https:\/\/www.studienseminar-vechta.de\/hp\/seminarraeume\/seminarraeume-006\/\" target=\"_blank\"><img decoding=\"async\" alt=\"\" width=\"300\" height=\"176\" loading=\"lazy\" src=\"https:\/\/www.studienseminar-vechta.de\/hp\/wp-content\/uploads\/2022\/08\/seminarraeume-006-300x176.jpg\" srcset=\"https:\/\/www.studienseminar-vechta.de\/hp\/wp-content\/uploads\/2022\/08\/seminarraeume-006-300x176.jpg 300w,https:\/\/www.studienseminar-vechta.de\/hp\/wp-content\/uploads\/2022\/08\/seminarraeume-006.jpg 800w\" sizes=\"auto, 250px\"\/><\/a><\/div><div class=\"sgb-item\"><a href=\"https:\/\/www.studienseminar-vechta.de\/hp\/seminarraeume\/seminarraeume-007\/\" target=\"_blank\"><img decoding=\"async\" alt=\"\" width=\"300\" height=\"218\" loading=\"lazy\" src=\"https:\/\/www.studienseminar-vechta.de\/hp\/wp-content\/uploads\/2022\/08\/seminarraeume-007-300x218.jpg\" srcset=\"https:\/\/www.studienseminar-vechta.de\/hp\/wp-content\/uploads\/2022\/08\/seminarraeume-007-300x218.jpg 300w,https:\/\/www.studienseminar-vechta.de\/hp\/wp-content\/uploads\/2022\/08\/seminarraeume-007.jpg 800w\" sizes=\"auto, 250px\"\/><\/a><\/div><div class=\"sgb-item\"><a href=\"https:\/\/www.studienseminar-vechta.de\/hp\/seminarraeume\/seminarraeume-008\/\" target=\"_blank\"><img decoding=\"async\" alt=\"\" width=\"300\" height=\"201\" loading=\"lazy\" src=\"https:\/\/www.studienseminar-vechta.de\/hp\/wp-content\/uploads\/2022\/08\/seminarraeume-008-300x201.jpg\" srcset=\"https:\/\/www.studienseminar-vechta.de\/hp\/wp-content\/uploads\/2022\/08\/seminarraeume-008-300x201.jpg 300w,https:\/\/www.studienseminar-vechta.de\/hp\/wp-content\/uploads\/2022\/08\/seminarraeume-008.jpg 800w\" sizes=\"auto, 250px\"\/><\/a><\/div><div class=\"sgb-item\"><a href=\"https:\/\/www.studienseminar-vechta.de\/hp\/herzlich-willkommen\/seminarraeume-004\/\" target=\"_blank\"><img decoding=\"async\" alt=\"\" width=\"300\" height=\"210\" loading=\"lazy\" src=\"https:\/\/www.studienseminar-vechta.de\/hp\/wp-content\/uploads\/2022\/08\/seminarraeume-004-300x210.jpg\" srcset=\"https:\/\/www.studienseminar-vechta.de\/hp\/wp-content\/uploads\/2022\/08\/seminarraeume-004-300x210.jpg 300w,https:\/\/www.studienseminar-vechta.de\/hp\/wp-content\/uploads\/2022\/08\/seminarraeume-004.jpg 800w\" sizes=\"auto, 250px\"\/><\/a><\/div><\/div><\/noscript><\/div><script type=\"application\/json\" class=\"sgb-data\">{\"collectionColumns\":5,\"externalLink\":false,\"captionHAlign\":\"bottom\",\"collectionthumbHoverTitleFontSize\":14,\"collectionthumbRoundedCorners\":5,\"collectionThumbSubMenuDownload\":false,\"collectionThumbSubMenuShare\":false,\"galleryType\":\"pgc_sgb_grid\",\"galleryId\":\"eec24698\",\"images\":[{\"id\":215,\"title\":\"seminarraeume-001\",\"url\":\"https:\/\/www.studienseminar-vechta.de\/hp\/wp-content\/uploads\/2022\/08\/seminarraeume-001.jpg\",\"link\":\"https:\/\/www.studienseminar-vechta.de\/hp\/seminarraeume\/seminarraeume-001\/\",\"alt\":\"\",\"description\":\"\",\"caption\":\"\",\"mime\":\"image\/jpeg\",\"type\":\"image\",\"width\":800,\"height\":669,\"sizes\":{\"thumbnail\":{\"height\":150,\"width\":150,\"url\":\"https:\/\/www.studienseminar-vechta.de\/hp\/wp-content\/uploads\/2022\/08\/seminarraeume-001-150x150.jpg\",\"orientation\":\"landscape\"},\"medium\":{\"height\":251,\"width\":300,\"url\":\"https:\/\/www.studienseminar-vechta.de\/hp\/wp-content\/uploads\/2022\/08\/seminarraeume-001-300x251.jpg\",\"orientation\":\"landscape\"},\"full\":{\"url\":\"https:\/\/www.studienseminar-vechta.de\/hp\/wp-content\/uploads\/2022\/08\/seminarraeume-001.jpg\",\"height\":669,\"width\":800,\"orientation\":\"landscape\"}},\"meta\":false,\"postlink\":\"https:\/\/www.studienseminar-vechta.de\/hp\/seminarraeume\/seminarraeume-001\/\"},{\"id\":216,\"title\":\"seminarraeume-002\",\"url\":\"https:\/\/www.studienseminar-vechta.de\/hp\/wp-content\/uploads\/2022\/08\/seminarraeume-002.jpg\",\"link\":\"https:\/\/www.studienseminar-vechta.de\/hp\/seminarraeume\/seminarraeume-002\/\",\"alt\":\"\",\"description\":\"\",\"caption\":\"\",\"mime\":\"image\/jpeg\",\"type\":\"image\",\"width\":800,\"height\":455,\"sizes\":{\"thumbnail\":{\"height\":150,\"width\":150,\"url\":\"https:\/\/www.studienseminar-vechta.de\/hp\/wp-content\/uploads\/2022\/08\/seminarraeume-002-150x150.jpg\",\"orientation\":\"landscape\"},\"medium\":{\"height\":171,\"width\":300,\"url\":\"https:\/\/www.studienseminar-vechta.de\/hp\/wp-content\/uploads\/2022\/08\/seminarraeume-002-300x171.jpg\",\"orientation\":\"landscape\"},\"full\":{\"url\":\"https:\/\/www.studienseminar-vechta.de\/hp\/wp-content\/uploads\/2022\/08\/seminarraeume-002.jpg\",\"height\":455,\"width\":800,\"orientation\":\"landscape\"}},\"meta\":false,\"postlink\":\"https:\/\/www.studienseminar-vechta.de\/hp\/seminarraeume\/seminarraeume-002\/\"},{\"id\":217,\"title\":\"seminarraeume-003\",\"url\":\"https:\/\/www.studienseminar-vechta.de\/hp\/wp-content\/uploads\/2022\/08\/seminarraeume-003.jpg\",\"link\":\"https:\/\/www.studienseminar-vechta.de\/hp\/seminarraeume\/seminarraeume-003\/\",\"alt\":\"\",\"description\":\"\",\"caption\":\"\",\"mime\":\"image\/jpeg\",\"type\":\"image\",\"width\":800,\"height\":463,\"sizes\":{\"thumbnail\":{\"height\":150,\"width\":150,\"url\":\"https:\/\/www.studienseminar-vechta.de\/hp\/wp-content\/uploads\/2022\/08\/seminarraeume-003-150x150.jpg\",\"orientation\":\"landscape\"},\"medium\":{\"height\":174,\"width\":300,\"url\":\"https:\/\/www.studienseminar-vechta.de\/hp\/wp-content\/uploads\/2022\/08\/seminarraeume-003-300x174.jpg\",\"orientation\":\"landscape\"},\"full\":{\"url\":\"https:\/\/www.studienseminar-vechta.de\/hp\/wp-content\/uploads\/2022\/08\/seminarraeume-003.jpg\",\"height\":463,\"width\":800,\"orientation\":\"landscape\"}},\"meta\":false,\"postlink\":\"https:\/\/www.studienseminar-vechta.de\/hp\/seminarraeume\/seminarraeume-003\/\"},{\"id\":218,\"title\":\"seminarraeume-005\",\"url\":\"https:\/\/www.studienseminar-vechta.de\/hp\/wp-content\/uploads\/2022\/08\/seminarraeume-005.jpg\",\"link\":\"https:\/\/www.studienseminar-vechta.de\/hp\/seminarraeume\/seminarraeume-005\/\",\"alt\":\"\",\"description\":\"\",\"caption\":\"\",\"mime\":\"image\/jpeg\",\"type\":\"image\",\"width\":800,\"height\":422,\"sizes\":{\"thumbnail\":{\"height\":150,\"width\":150,\"url\":\"https:\/\/www.studienseminar-vechta.de\/hp\/wp-content\/uploads\/2022\/08\/seminarraeume-005-150x150.jpg\",\"orientation\":\"landscape\"},\"medium\":{\"height\":158,\"width\":300,\"url\":\"https:\/\/www.studienseminar-vechta.de\/hp\/wp-content\/uploads\/2022\/08\/seminarraeume-005-300x158.jpg\",\"orientation\":\"landscape\"},\"full\":{\"url\":\"https:\/\/www.studienseminar-vechta.de\/hp\/wp-content\/uploads\/2022\/08\/seminarraeume-005.jpg\",\"height\":422,\"width\":800,\"orientation\":\"landscape\"}},\"meta\":false,\"postlink\":\"https:\/\/www.studienseminar-vechta.de\/hp\/seminarraeume\/seminarraeume-005\/\"},{\"id\":219,\"title\":\"seminarraeume-006\",\"url\":\"https:\/\/www.studienseminar-vechta.de\/hp\/wp-content\/uploads\/2022\/08\/seminarraeume-006.jpg\",\"link\":\"https:\/\/www.studienseminar-vechta.de\/hp\/seminarraeume\/seminarraeume-006\/\",\"alt\":\"\",\"description\":\"\",\"caption\":\"\",\"mime\":\"image\/jpeg\",\"type\":\"image\",\"width\":800,\"height\":469,\"sizes\":{\"thumbnail\":{\"height\":150,\"width\":150,\"url\":\"https:\/\/www.studienseminar-vechta.de\/hp\/wp-content\/uploads\/2022\/08\/seminarraeume-006-150x150.jpg\",\"orientation\":\"landscape\"},\"medium\":{\"height\":176,\"width\":300,\"url\":\"https:\/\/www.studienseminar-vechta.de\/hp\/wp-content\/uploads\/2022\/08\/seminarraeume-006-300x176.jpg\",\"orientation\":\"landscape\"},\"full\":{\"url\":\"https:\/\/www.studienseminar-vechta.de\/hp\/wp-content\/uploads\/2022\/08\/seminarraeume-006.jpg\",\"height\":469,\"width\":800,\"orientation\":\"landscape\"}},\"meta\":false,\"postlink\":\"https:\/\/www.studienseminar-vechta.de\/hp\/seminarraeume\/seminarraeume-006\/\"},{\"id\":220,\"title\":\"seminarraeume-007\",\"url\":\"https:\/\/www.studienseminar-vechta.de\/hp\/wp-content\/uploads\/2022\/08\/seminarraeume-007.jpg\",\"link\":\"https:\/\/www.studienseminar-vechta.de\/hp\/seminarraeume\/seminarraeume-007\/\",\"alt\":\"\",\"description\":\"\",\"caption\":\"\",\"mime\":\"image\/jpeg\",\"type\":\"image\",\"width\":800,\"height\":582,\"sizes\":{\"thumbnail\":{\"height\":150,\"width\":150,\"url\":\"https:\/\/www.studienseminar-vechta.de\/hp\/wp-content\/uploads\/2022\/08\/seminarraeume-007-150x150.jpg\",\"orientation\":\"landscape\"},\"medium\":{\"height\":218,\"width\":300,\"url\":\"https:\/\/www.studienseminar-vechta.de\/hp\/wp-content\/uploads\/2022\/08\/seminarraeume-007-300x218.jpg\",\"orientation\":\"landscape\"},\"full\":{\"url\":\"https:\/\/www.studienseminar-vechta.de\/hp\/wp-content\/uploads\/2022\/08\/seminarraeume-007.jpg\",\"height\":582,\"width\":800,\"orientation\":\"landscape\"}},\"meta\":false,\"postlink\":\"https:\/\/www.studienseminar-vechta.de\/hp\/seminarraeume\/seminarraeume-007\/\"},{\"id\":221,\"title\":\"seminarraeume-008\",\"url\":\"https:\/\/www.studienseminar-vechta.de\/hp\/wp-content\/uploads\/2022\/08\/seminarraeume-008.jpg\",\"link\":\"https:\/\/www.studienseminar-vechta.de\/hp\/seminarraeume\/seminarraeume-008\/\",\"alt\":\"\",\"description\":\"\",\"caption\":\"\",\"mime\":\"image\/jpeg\",\"type\":\"image\",\"width\":800,\"height\":535,\"sizes\":{\"thumbnail\":{\"height\":150,\"width\":150,\"url\":\"https:\/\/www.studienseminar-vechta.de\/hp\/wp-content\/uploads\/2022\/08\/seminarraeume-008-150x150.jpg\",\"orientation\":\"landscape\"},\"medium\":{\"height\":201,\"width\":300,\"url\":\"https:\/\/www.studienseminar-vechta.de\/hp\/wp-content\/uploads\/2022\/08\/seminarraeume-008-300x201.jpg\",\"orientation\":\"landscape\"},\"full\":{\"url\":\"https:\/\/www.studienseminar-vechta.de\/hp\/wp-content\/uploads\/2022\/08\/seminarraeume-008.jpg\",\"height\":535,\"width\":800,\"orientation\":\"landscape\"}},\"meta\":false,\"postlink\":\"https:\/\/www.studienseminar-vechta.de\/hp\/seminarraeume\/seminarraeume-008\/\"},{\"id\":210,\"title\":\"seminarraeume-004\",\"url\":\"https:\/\/www.studienseminar-vechta.de\/hp\/wp-content\/uploads\/2022\/08\/seminarraeume-004.jpg\",\"link\":\"https:\/\/www.studienseminar-vechta.de\/hp\/herzlich-willkommen\/seminarraeume-004\/\",\"alt\":\"\",\"description\":\"\",\"caption\":\"\",\"mime\":\"image\/jpeg\",\"type\":\"image\",\"width\":800,\"height\":559,\"sizes\":{\"thumbnail\":{\"height\":150,\"width\":150,\"url\":\"https:\/\/www.studienseminar-vechta.de\/hp\/wp-content\/uploads\/2022\/08\/seminarraeume-004-150x150.jpg\",\"orientation\":\"landscape\"},\"medium\":{\"height\":210,\"width\":300,\"url\":\"https:\/\/www.studienseminar-vechta.de\/hp\/wp-content\/uploads\/2022\/08\/seminarraeume-004-300x210.jpg\",\"orientation\":\"landscape\"},\"full\":{\"url\":\"https:\/\/www.studienseminar-vechta.de\/hp\/wp-content\/uploads\/2022\/08\/seminarraeume-004.jpg\",\"height\":559,\"width\":800,\"orientation\":\"landscape\"}},\"meta\":false,\"postlink\":\"https:\/\/www.studienseminar-vechta.de\/hp\/herzlich-willkommen\/seminarraeume-004\/\"}],\"itemsMetaDataCollection\":[],\"shareFacebook\":false,\"shareTwitter\":false,\"sharePinterest\":false,\"sliderItemDownload\":false,\"shareCopyLink\":false,\"sliderItemCounterEnable\":false,\"sliderThumbBarEnable\":false,\"sliderSlideshow\":false,\"sliderSocialShareEnabled\":false,\"sliderZoomEnable\":false,\"sliderFullscreenEnabled\":false}<\/script><script>(function(){if(window.PGC_SGB && window.PGC_SGB.searcher){window.PGC_SGB.searcher.initBlocks()}})()<\/script><\/div>\n\n\n<p class=\"has-small-font-size\">Innenaufnahmen: Agnes von D\u00f6llen-Helmrich<br>Au\u00dfenaufnahmen: Tino Trubel<\/p>\n","protected":false},"excerpt":{"rendered":"<p>Das Studienseminar Vechta f\u00fcr die Lehr\u00e4mter an Grund-, Haupt- und Realschulen ist an zwei Standorten beheimatet. Im Hauptgeb\u00e4ude an der F\u00fcchteler Stra\u00dfe 52 befindet sich die Verwaltung sowie zwei Seminarr\u00e4ume. Am zweiten Standort an&#46;&#46;&#46;<\/p>\n","protected":false},"author":1,"featured_media":0,"parent":0,"menu_order":0,"comment_status":"closed","ping_status":"closed","template":"","meta":{"pgc_sgb_lightbox_settings":"","footnotes":""},"class_list":["post-214","page","type-page","status-publish","hentry"],"_links":{"self":[{"href":"https:\/\/www.studienseminar-vechta.de\/hp\/wp-json\/wp\/v2\/pages\/214","targetHints":{"allow":["GET"]}}],"collection":[{"href":"https:\/\/www.studienseminar-vechta.de\/hp\/wp-json\/wp\/v2\/pages"}],"about":[{"href":"https:\/\/www.studienseminar-vechta.de\/hp\/wp-json\/wp\/v2\/types\/page"}],"author":[{"embeddable":true,"href":"https:\/\/www.studienseminar-vechta.de\/hp\/wp-json\/wp\/v2\/users\/1"}],"replies":[{"embeddable":true,"href":"https:\/\/www.studienseminar-vechta.de\/hp\/wp-json\/wp\/v2\/comments?post=214"}],"version-history":[{"count":10,"href":"https:\/\/www.studienseminar-vechta.de\/hp\/wp-json\/wp\/v2\/pages\/214\/revisions"}],"predecessor-version":[{"id":382,"href":"https:\/\/www.studienseminar-vechta.de\/hp\/wp-json\/wp\/v2\/pages\/214\/revisions\/382"}],"wp:attachment":[{"href":"https:\/\/www.studienseminar-vechta.de\/hp\/wp-json\/wp\/v2\/media?parent=214"}],"curies":[{"name":"wp","href":"https:\/\/api.w.org\/{rel}","templated":true}]}}