{"id":225,"date":"2022-08-31T21:35:55","date_gmt":"2022-08-31T19:35:55","guid":{"rendered":"https:\/\/www.studienseminar-vechta.de\/hp\/?page_id=225"},"modified":"2025-06-19T09:24:34","modified_gmt":"2025-06-19T07:24:34","slug":"zusatzqualifikationen","status":"publish","type":"page","link":"https:\/\/www.studienseminar-vechta.de\/hp\/zusatzqualifikationen\/","title":{"rendered":"Schulische F\u00f6rderung von Deutsch als Zweit- und Bildungssprache (DaZ\/DaB)"},"content":{"rendered":"\n<p class=\"has-medium-font-size\"><\/p>\n\n\n\n<p>Die <strong>Zusatzqualifikation <\/strong>soll angehende Lehrkr\u00e4fte dazu bef\u00e4higen, die sprachlichen Kompetenzen aller Sch\u00fclerinnen und Sch\u00fcler zu erkennen und darauf abgestimmt einen sprachlernwirksamen und sprachsensiblen Unterricht effizient und motivierend zu planen und durchzuf\u00fchren. Dies umfasst Sprachf\u00f6rderma\u00dfnamen f\u00fcr Sch\u00fclerinnen und Sch\u00fcler ohne ausreichende Deutschkenntnisse sowohl im Regelunterricht als auch in speziellen DaZ-Kursen und die F\u00f6rderung von Bildungssprache aller Sch\u00fclerinnen und Sch\u00fcler durch sprachsensiblen Fachunterricht.<\/p>\n\n\n\n<p>Hierf\u00fcr werden in den Seminarveranstaltungen theoretische Grundlagen erarbeitet (u. a. Sprachdiagnostik, Grundlagen des Zweitspracherwerbs) und auf der Handlungsebene konkrete didaktische und methodische Umsetzungsm\u00f6glichkeiten f\u00fcr den Unterricht vorgestellt, analysiert, erprobt und reflektiert.<\/p>\n\n\n\n<p>Eine <strong>Bescheinigung<\/strong> \u00fcber die erfolgreiche Teilnahme wird ausgestellt.<\/p>\n\n\n\n<p class=\"has-text-align-left\"><strong>Anforderungen f\u00fcr die Bescheinigung der Zusatzqualifikation<\/strong> (gem\u00e4\u00df \u00a76.4 APVO-Lehr, DFB 2017 i.d.F. vom 18.06.2021)<\/p>\n\n\n\n<ul class=\"wp-block-list\">\n<li>Mindestens 20 Stunden Seminarveranstaltungen (verteilt auf 5 Module)<\/li>\n\n\n\n<li>DaZ-Unterricht (Hospitation und eigene Unterrichtserfahrung von mindestens 5 Stunden, bescheinigt von der Schule)<\/li>\n\n\n\n<li>Durchf\u00fchrung einer Unterrichtsstunde im Rahmen eines Unterrichtsbesuches auf der Grundlage eines schriftlichen Unterrichtsentwurfes mit dem Schwerpunkt DaZ\/DaB<\/li>\n\n\n\n<li>Ein erfolgreiches Kolloquium zu ausgew\u00e4hlten Themenbereichen der Zusatzqualifikation von mindestens 20 Minuten Dauer<\/li>\n<\/ul>\n\n\n\n<p><strong>Zielgruppe<\/strong><\/p>\n\n\n\n<p>Das Qualifizierungsangebot richtet sich an Lehrkr\u00e4fte im Vorbereitungsdienst aller F\u00e4cher der Lehr\u00e4mter Grund-, Haupt- und Realschulen des Studienseminars Vechta.<\/p>\n\n\n\n<p>Die Teilnehmerzahl ist begrenzt.<\/p>\n\n\n\n<p><strong>Kontakt<\/strong><\/p>\n\n\n\n<div class=\"pgc-sgb-cb wp-block-pgcsimplygalleryblock-masonry \" data-gallery-id=\"61c25660\"><div class=\"sgb-preloader\" id=\"pr_61c25660\">\n\t<div class=\"sgb-square\" style=\"background:#d4d4d4\"><\/div>\n\t<div class=\"sgb-square\" style=\"background:#d4d4d4\"><\/div>\n\t<div class=\"sgb-square\" style=\"background:#d4d4d4\"><\/div>\n\t<div class=\"sgb-square\" style=\"background:#d4d4d4\"><\/div><\/div><div class=\"simply-gallery-amp pgc_sgb_slider \"><noscript><div class=\"sgb-gallery\"><div class=\"sgb-item\"><a href=\"https:\/\/www.studienseminar-vechta.de\/hp\/pgc_simply_gallery\/daz\/kollegium-schniotalle2022\/\" target=\"_blank\"><img decoding=\"async\" alt=\"\" width=\"200\" height=\"300\" loading=\"lazy\" src=\"https:\/\/www.studienseminar-vechta.de\/hp\/wp-content\/uploads\/2022\/08\/kollegium-schniotalle2022-200x300.jpg\" srcset=\"https:\/\/www.studienseminar-vechta.de\/hp\/wp-content\/uploads\/2022\/08\/kollegium-schniotalle2022-200x300.jpg 200w,https:\/\/www.studienseminar-vechta.de\/hp\/wp-content\/uploads\/2022\/08\/kollegium-schniotalle2022.jpg 427w\" sizes=\"auto, 250px\"\/><\/a><div class=\"sgb-item-caption\"><em>Dr. Meike Schniotalle<\/em><\/div><\/div><div class=\"sgb-item\"><a href=\"https:\/\/www.studienseminar-vechta.de\/hp\/pgc_simply_gallery\/daz\/kollegium-tetzner2022\/\" target=\"_blank\"><img decoding=\"async\" alt=\"\" width=\"200\" height=\"300\" loading=\"lazy\" src=\"https:\/\/www.studienseminar-vechta.de\/hp\/wp-content\/uploads\/2022\/08\/kollegium-tetzner2022-200x300.jpg\" srcset=\"https:\/\/www.studienseminar-vechta.de\/hp\/wp-content\/uploads\/2022\/08\/kollegium-tetzner2022-200x300.jpg 200w,https:\/\/www.studienseminar-vechta.de\/hp\/wp-content\/uploads\/2022\/08\/kollegium-tetzner2022.jpg 427w\" sizes=\"auto, 250px\"\/><\/a><div class=\"sgb-item-caption\"><em>Steffi Tetzner<\/em><\/div><\/div><\/div><\/noscript><\/div><script type=\"application\/json\" class=\"sgb-data\">{\"collectionColumns\":5,\"collectionThumbRecomendedWidth\":100,\"externalLink\":false,\"captionHAlign\":\"bottom\",\"collectionthumbHoverTitleFontSize\":14,\"collectionthumbRoundedCorners\":5,\"collectionThumbSubMenuDownload\":false,\"collectionThumbSubMenuShare\":false,\"galleryType\":\"pgc_sgb_masonry\",\"galleryId\":\"61c25660\",\"images\":[{\"id\":271,\"title\":\"kollegium-schniotalle2022\",\"url\":\"https:\/\/www.studienseminar-vechta.de\/hp\/wp-content\/uploads\/2022\/08\/kollegium-schniotalle2022.jpg\",\"link\":\"https:\/\/www.studienseminar-vechta.de\/hp\/pgc_simply_gallery\/daz\/kollegium-schniotalle2022\/\",\"alt\":\"\",\"description\":\"\",\"caption\":\"Dr. Meike Schniotalle\",\"mime\":\"image\/jpeg\",\"type\":\"image\",\"width\":427,\"height\":640,\"sizes\":{\"thumbnail\":{\"height\":150,\"width\":150,\"url\":\"https:\/\/www.studienseminar-vechta.de\/hp\/wp-content\/uploads\/2022\/08\/kollegium-schniotalle2022-150x150.jpg\",\"orientation\":\"landscape\"},\"medium\":{\"height\":300,\"width\":200,\"url\":\"https:\/\/www.studienseminar-vechta.de\/hp\/wp-content\/uploads\/2022\/08\/kollegium-schniotalle2022-200x300.jpg\",\"orientation\":\"portrait\"},\"full\":{\"url\":\"https:\/\/www.studienseminar-vechta.de\/hp\/wp-content\/uploads\/2022\/08\/kollegium-schniotalle2022.jpg\",\"height\":640,\"width\":427,\"orientation\":\"portrait\"}},\"meta\":false,\"postlink\":\"https:\/\/www.studienseminar-vechta.de\/hp\/pgc_simply_gallery\/daz\/kollegium-schniotalle2022\/\"},{\"id\":272,\"title\":\"kollegium-tetzner2022\",\"url\":\"https:\/\/www.studienseminar-vechta.de\/hp\/wp-content\/uploads\/2022\/08\/kollegium-tetzner2022.jpg\",\"link\":\"https:\/\/www.studienseminar-vechta.de\/hp\/pgc_simply_gallery\/daz\/kollegium-tetzner2022\/\",\"alt\":\"\",\"description\":\"\",\"caption\":\"Steffi Tetzner\",\"mime\":\"image\/jpeg\",\"type\":\"image\",\"width\":427,\"height\":640,\"sizes\":{\"thumbnail\":{\"height\":150,\"width\":150,\"url\":\"https:\/\/www.studienseminar-vechta.de\/hp\/wp-content\/uploads\/2022\/08\/kollegium-tetzner2022-150x150.jpg\",\"orientation\":\"landscape\"},\"medium\":{\"height\":300,\"width\":200,\"url\":\"https:\/\/www.studienseminar-vechta.de\/hp\/wp-content\/uploads\/2022\/08\/kollegium-tetzner2022-200x300.jpg\",\"orientation\":\"portrait\"},\"full\":{\"url\":\"https:\/\/www.studienseminar-vechta.de\/hp\/wp-content\/uploads\/2022\/08\/kollegium-tetzner2022.jpg\",\"height\":640,\"width\":427,\"orientation\":\"portrait\"}},\"meta\":false,\"postlink\":\"https:\/\/www.studienseminar-vechta.de\/hp\/pgc_simply_gallery\/daz\/kollegium-tetzner2022\/\"}],\"itemsMetaDataCollection\":[],\"shareFacebook\":false,\"shareTwitter\":false,\"sharePinterest\":false,\"sliderItemDownload\":false,\"shareCopyLink\":false,\"sliderItemCounterEnable\":false,\"sliderThumbBarEnable\":false,\"sliderSlideshow\":false,\"sliderSocialShareEnabled\":false,\"sliderZoomEnable\":false,\"sliderFullscreenEnabled\":false}<\/script><script>(function(){if(window.PGC_SGB && window.PGC_SGB.searcher){window.PGC_SGB.searcher.initBlocks()}})()<\/script><\/div>\n\n\n\n<p>Dr. Meike Schniotalle | <a href=\"mailto:schniotalle@studienseminar-vechta.de%20\">schniotalle@studienseminar-vechta.de<\/a><\/p>\n\n\n\n<p>Steffi Tetzner | <a href=\"mailto:tetzner@studienseminar-vechta.de\">tetzner@studienseminar-vechta.de<\/a><\/p>\n","protected":false},"excerpt":{"rendered":"<p>Die Zusatzqualifikation soll angehende Lehrkr\u00e4fte dazu bef\u00e4higen, die sprachlichen Kompetenzen aller Sch\u00fclerinnen und Sch\u00fcler zu erkennen und darauf abgestimmt einen sprachlernwirksamen und sprachsensiblen Unterricht effizient und motivierend zu planen und durchzuf\u00fchren. Dies umfasst Sprachf\u00f6rderma\u00dfnamen&#46;&#46;&#46;<\/p>\n","protected":false},"author":1,"featured_media":0,"parent":0,"menu_order":0,"comment_status":"closed","ping_status":"closed","template":"","meta":{"pgc_sgb_lightbox_settings":"","footnotes":""},"class_list":["post-225","page","type-page","status-publish","hentry"],"_links":{"self":[{"href":"https:\/\/www.studienseminar-vechta.de\/hp\/wp-json\/wp\/v2\/pages\/225","targetHints":{"allow":["GET"]}}],"collection":[{"href":"https:\/\/www.studienseminar-vechta.de\/hp\/wp-json\/wp\/v2\/pages"}],"about":[{"href":"https:\/\/www.studienseminar-vechta.de\/hp\/wp-json\/wp\/v2\/types\/page"}],"author":[{"embeddable":true,"href":"https:\/\/www.studienseminar-vechta.de\/hp\/wp-json\/wp\/v2\/users\/1"}],"replies":[{"embeddable":true,"href":"https:\/\/www.studienseminar-vechta.de\/hp\/wp-json\/wp\/v2\/comments?post=225"}],"version-history":[{"count":11,"href":"https:\/\/www.studienseminar-vechta.de\/hp\/wp-json\/wp\/v2\/pages\/225\/revisions"}],"predecessor-version":[{"id":598,"href":"https:\/\/www.studienseminar-vechta.de\/hp\/wp-json\/wp\/v2\/pages\/225\/revisions\/598"}],"wp:attachment":[{"href":"https:\/\/www.studienseminar-vechta.de\/hp\/wp-json\/wp\/v2\/media?parent=225"}],"curies":[{"name":"wp","href":"https:\/\/api.w.org\/{rel}","templated":true}]}}