{"id":234,"date":"2022-08-31T21:41:05","date_gmt":"2022-08-31T19:41:05","guid":{"rendered":"https:\/\/www.studienseminar-vechta.de\/hp\/?page_id=234"},"modified":"2023-08-22T11:41:19","modified_gmt":"2023-08-22T09:41:19","slug":"ausbildungsangebot","status":"publish","type":"page","link":"https:\/\/www.studienseminar-vechta.de\/hp\/ausbildungsangebot\/","title":{"rendered":"Ausbildungsangebot"},"content":{"rendered":"\n<p>Im Studienseminar Vechta GHRS bieten wir eine Vielzahl an Ausbildungsm\u00f6glichkeiten an. Weitere Informationen zu den unterschiedlichen Ausbildungsg\u00e4ngen hierzu erhalten Sie auf der <a href=\"https:\/\/www.mk.niedersachsen.de\/startseite\/schule\/lehrkrafte_und_nichtlehrendes_personal\/wege_in_den_schuldienst\/\" target=\"_blank\" rel=\"noreferrer noopener\">Seite des Nieders\u00e4chsischen Kultusministeriums<\/a>.<\/p>\n\n\n\n<p class=\"has-medium-font-size\"><strong>Vorbereitungsdienst (VD)<\/strong><\/p>\n\n\n\n<p>Innerhalb des 18-monatigen Vorbereitungsdienstes f\u00fcr das Lehramt an Grundschulen oder das Lehramt an Haupt- und Realschulen werden Sie in der sogenannten zweiten Phase der Lehramtsausbildung auf Ihren Einsatz in der Schule vorbereitet. Der Vorbereitungsdienst wird im Beamtenverh\u00e4ltnis auf Widerruf sowohl am Studienseminar als auch parallel dazu an einer Ausbildungsschule absolviert. Diese Ausbildung und die abschlie\u00dfende Staatspr\u00fcfung erfolgen gem\u00e4\u00df der Verordnung \u00fcber die Ausbildung und Pr\u00fcfung von Lehrkr\u00e4ften im Vorbereitungsdienst (APVO-Lehr).<\/p>\n\n\n\n<p class=\"has-medium-font-size\"><strong>Anpassungslehrgang (APL)<\/strong><\/p>\n\n\n\n<p>Ein Anpassungslehrgang ist eine Form bzw. M\u00f6glichkeit, die Anerkennung eines in Deutschland nicht vollst\u00e4ndig anerkannten Lehramtsstudiums zu erlangen. Voraussetzungen hierf\u00fcr sind, dass Sie eine im Ausland g\u00fcltige Lehrbef\u00e4higung vorweisen k\u00f6nnen und es keine wesentlichen Unterschiede zwischen der im Herkunftsland erlangten Berufsqualifikation und der nieders\u00e4chsischen Lehramtsausbildung bestehen. F\u00fcr die Einstellung in den nieders\u00e4chsischen Schuldienst m\u00fcssen Sie zudem die f\u00fcr die Aus\u00fcbung des Lehrerberufs erforderlichen Kenntnisse der deutschen Sprache nachweisen.<\/p>\n\n\n\n<p>Im Rahmen des Anpassungslehrgangs nehmen Sie unter anderem an Seminarveranstaltungen des Studienseminars teil und unterrichten parallel dazu an einer Schule in unserem Ausbildungsgebiet.&nbsp;<\/p>\n\n\n\n<p><a href=\"https:\/\/www.mk.niedersachsen.de\/startseite\/service\/anerkennung_auslandischer_bildungsabschlusse_zeugnisse\/anerkennung_auslandischer_bildungsabschlusse_lehramtsabschlusse\/anerkennung-auslandischer-bildungsabschlusse-zeugnisse-180594.html\" target=\"_blank\" rel=\"noreferrer noopener\">Anpassungslehrgang auf der Seite des MK<\/a><\/p>\n\n\n\n<p class=\"has-medium-font-size\"><strong>Direkter Quereinstieg in den (nieders\u00e4chsischen) Schuldienst<\/strong><\/p>\n\n\n\n<p>Wenn Sie sich f\u00fcr den Lehrerberuf interessieren, jedoch kein Lehramtsstudium absolviert haben, k\u00f6nnen Sie unter bestimmten Voraussetzungen auch ohne diesen Bildungsabschluss in den nieders\u00e4chsischen Schuldienst eintreten. Ein solcher Quereinstieg ist auch mit nur einem zugeordneten Unterrichtsfach m\u00f6glich. Die Einstellungschancen sind abh\u00e4ngig vom f\u00e4cherspezifischen Bedarf an Schulen, der Schulform sowie der regionalen Bewerberlage. Im Rahmen des Quereinstiegs findet eine berufsbegleitende Qualifizierungsma\u00dfnahme statt, d. h. Sie nehmen parallel zu Ihrer Unterrichtst\u00e4tigkeit an Seminarveranstaltungen des Studienseminars und schulischen Angeboten teil. Zudem finden im Laufe der Qualifizierungsma\u00dfnahme Beratungsbesuche durch das Studienseminar und die Schulleiterin \/ den Schulleiter statt.&nbsp;<\/p>\n\n\n\n<p><a href=\"https:\/\/www.mk.niedersachsen.de\/startseite\/schule\/lehrkrafte_und_nichtlehrendes_personal\/wege_in_den_schuldienst\/unbefristete_einstellung_in_den_schuldienst\/direkter_quereinstieg_in_den_niedersachsischen_schuldienst_an_allgemein_bildenden_schulen\/direkter-quereinstieg-in-den-niedersaechsischen-schuldienst-an-allgemein-bildenden-schulen-167325.html\" target=\"_blank\" rel=\"noreferrer noopener\">Direkter Quereinstieg in den nieders\u00e4chsischen Schuldienst an allgemein bildenden Schulen auf der Seite des MK<\/a><\/p>\n\n\n\n<p class=\"has-medium-font-size\"><strong>Quereinstieg in den Vorbereitungsdienst (QE)<\/strong><\/p>\n\n\n\n<p>F\u00fcr den Quereinstieg in den Vorbereitungsdienst k\u00f6nnen Sie einen universit\u00e4ren Abschluss vorweisen, aus dem sich zwei Unterrichtsf\u00e4cher ableiten lassen. Im Rahmen dieses Ausbildungsangebotes nehmen Sie an Veranstaltungen der P\u00e4dagogik- und Fachseminare des Studienseminars teil und erhalten im Rahmen Ihrer T\u00e4tigkeit an einer Schule in unserem Ausbildungsgebiet Beratungsbesuche in Ihrem Unterricht. Die Ausbildung und die abschlie\u00dfende Staatspr\u00fcfung erfolgen gem\u00e4\u00df der Verordnung \u00fcber die Ausbildung und Pr\u00fcfung von Lehrkr\u00e4ften im Vorbereitungsdienst (APVO-Lehr).&nbsp;<\/p>\n\n\n\n<p><a href=\"https:\/\/www.mk.niedersachsen.de\/startseite\/schule\/lehrkrafte_und_nichtlehrendes_personal\/wege_in_den_schuldienst\/einstellung_in_den_vorbereitungsdienst\/quereinstieg_in_den_vorbereitungsdienst_an_allgemein_bildenden_schulen\/quereinstieg-in-den-vorbereitungsdienst-an-allgemein-bildenden-schulen-167436.html\" target=\"_blank\" rel=\"noreferrer noopener\">Quereinstieg in den Vorbereitungsdienst (QE) auf der Seite des MK<\/a><\/p>\n","protected":false},"excerpt":{"rendered":"<p>Im Studienseminar Vechta GHRS bieten wir eine Vielzahl an Ausbildungsm\u00f6glichkeiten an. Weitere Informationen zu den unterschiedlichen Ausbildungsg\u00e4ngen hierzu erhalten Sie auf der Seite des Nieders\u00e4chsischen Kultusministeriums. Vorbereitungsdienst (VD) Innerhalb des 18-monatigen Vorbereitungsdienstes f\u00fcr das&#46;&#46;&#46;<\/p>\n","protected":false},"author":1,"featured_media":0,"parent":0,"menu_order":0,"comment_status":"closed","ping_status":"closed","template":"","meta":{"pgc_sgb_lightbox_settings":"","footnotes":""},"class_list":["post-234","page","type-page","status-publish","hentry"],"_links":{"self":[{"href":"https:\/\/www.studienseminar-vechta.de\/hp\/wp-json\/wp\/v2\/pages\/234","targetHints":{"allow":["GET"]}}],"collection":[{"href":"https:\/\/www.studienseminar-vechta.de\/hp\/wp-json\/wp\/v2\/pages"}],"about":[{"href":"https:\/\/www.studienseminar-vechta.de\/hp\/wp-json\/wp\/v2\/types\/page"}],"author":[{"embeddable":true,"href":"https:\/\/www.studienseminar-vechta.de\/hp\/wp-json\/wp\/v2\/users\/1"}],"replies":[{"embeddable":true,"href":"https:\/\/www.studienseminar-vechta.de\/hp\/wp-json\/wp\/v2\/comments?post=234"}],"version-history":[{"count":13,"href":"https:\/\/www.studienseminar-vechta.de\/hp\/wp-json\/wp\/v2\/pages\/234\/revisions"}],"predecessor-version":[{"id":419,"href":"https:\/\/www.studienseminar-vechta.de\/hp\/wp-json\/wp\/v2\/pages\/234\/revisions\/419"}],"wp:attachment":[{"href":"https:\/\/www.studienseminar-vechta.de\/hp\/wp-json\/wp\/v2\/media?parent=234"}],"curies":[{"name":"wp","href":"https:\/\/api.w.org\/{rel}","templated":true}]}}