{"id":248,"date":"2022-09-03T09:35:30","date_gmt":"2022-09-03T07:35:30","guid":{"rendered":"https:\/\/www.studienseminar-vechta.de\/hp\/?page_id=248"},"modified":"2022-11-15T09:45:08","modified_gmt":"2022-11-15T08:45:08","slug":"faecheruebersicht","status":"publish","type":"page","link":"https:\/\/www.studienseminar-vechta.de\/hp\/faecheruebersicht\/","title":{"rendered":"F\u00e4cher\u00fcbersicht"},"content":{"rendered":"\n<p>Hier k\u00f6nnen Sie sehen, in welchen Unterrichtsf\u00e4chern Sie Ihren Vorbereitungsdienst in Zusammenarbeit mit unseren <a href=\"https:\/\/www.studienseminar-vechta.de\/hp\/kollegium\/\">Seminarleiterinnen und Seminarleitern<\/a> absolvieren k\u00f6nnen.<\/p>\n\n\n\n<p>Biologie<\/p>\n\n\n\n<p>Deutsch<\/p>\n\n\n\n<p>Englisch<\/p>\n\n\n\n<p>Evangelische Religion<\/p>\n\n\n\n<p>Geschichte<\/p>\n\n\n\n<p>Gestaltendes Werken<\/p>\n\n\n\n<p>Katholische Religion<\/p>\n\n\n\n<p>Kunst<\/p>\n\n\n\n<p>Mathematik<\/p>\n\n\n\n<p>Sachunterricht<\/p>\n\n\n\n<p>Sport<\/p>\n","protected":false},"excerpt":{"rendered":"<p>Hier k\u00f6nnen Sie sehen, in welchen Unterrichtsf\u00e4chern Sie Ihren Vorbereitungsdienst in Zusammenarbeit mit unseren Seminarleiterinnen und Seminarleitern absolvieren k\u00f6nnen. Biologie Deutsch Englisch Evangelische Religion Geschichte Gestaltendes Werken Katholische Religion Kunst Mathematik Sachunterricht Sport<\/p>\n","protected":false},"author":1,"featured_media":0,"parent":0,"menu_order":0,"comment_status":"closed","ping_status":"closed","template":"","meta":{"pgc_sgb_lightbox_settings":"","footnotes":""},"class_list":["post-248","page","type-page","status-publish","hentry"],"_links":{"self":[{"href":"https:\/\/www.studienseminar-vechta.de\/hp\/wp-json\/wp\/v2\/pages\/248","targetHints":{"allow":["GET"]}}],"collection":[{"href":"https:\/\/www.studienseminar-vechta.de\/hp\/wp-json\/wp\/v2\/pages"}],"about":[{"href":"https:\/\/www.studienseminar-vechta.de\/hp\/wp-json\/wp\/v2\/types\/page"}],"author":[{"embeddable":true,"href":"https:\/\/www.studienseminar-vechta.de\/hp\/wp-json\/wp\/v2\/users\/1"}],"replies":[{"embeddable":true,"href":"https:\/\/www.studienseminar-vechta.de\/hp\/wp-json\/wp\/v2\/comments?post=248"}],"version-history":[{"count":3,"href":"https:\/\/www.studienseminar-vechta.de\/hp\/wp-json\/wp\/v2\/pages\/248\/revisions"}],"predecessor-version":[{"id":306,"href":"https:\/\/www.studienseminar-vechta.de\/hp\/wp-json\/wp\/v2\/pages\/248\/revisions\/306"}],"wp:attachment":[{"href":"https:\/\/www.studienseminar-vechta.de\/hp\/wp-json\/wp\/v2\/media?parent=248"}],"curies":[{"name":"wp","href":"https:\/\/api.w.org\/{rel}","templated":true}]}}