{"id":76,"date":"2022-08-30T09:00:09","date_gmt":"2022-08-30T07:00:09","guid":{"rendered":"http:\/\/www.studienseminar-vechta.de\/hp\/?page_id=76"},"modified":"2022-11-15T09:17:59","modified_gmt":"2022-11-15T08:17:59","slug":"leitbild","status":"publish","type":"page","link":"https:\/\/www.studienseminar-vechta.de\/hp\/leitbild\/","title":{"rendered":"Leitbild"},"content":{"rendered":"\n<p><strong>Professionalit\u00e4t<\/strong><\/p>\n\n\n\n<ul class=\"wp-block-list\">\n<li>Wir entwickeln unser Wissen und K\u00f6nnen f\u00fcr den Lehrberuf st\u00e4ndig weiter.<\/li>\n\n\n\n<li>Wir organisieren die Ausbildung methodisch vielf\u00e4ltig und auf Grundlage eines stimmigen Theorie-Praxis-Bezugs.<\/li>\n<\/ul>\n\n\n\n<p><strong>Reflexion<\/strong><\/p>\n\n\n\n<ul class=\"wp-block-list\">\n<li>Wir bauen unsere Reflexionskompetenz stets weiter aus und zeigen uns offen f\u00fcr Kritik und Anregungen.<\/li>\n<\/ul>\n\n\n\n<p><strong>Individualit\u00e4t<\/strong><\/p>\n\n\n\n<ul class=\"wp-block-list\">\n<li>Wir f\u00f6rdern die Entwicklung der individuellen Lehrerpers\u00f6nlichkeit.<\/li>\n<\/ul>\n\n\n\n<p><strong>Transparenz<\/strong><\/p>\n\n\n\n<ul class=\"wp-block-list\">\n<li>Wir gestalten die Ausbildung transparent. Wir stimmen die Seminarinhalte fr\u00fchzeitig und bedarfsorientiert ab.&nbsp; Beurteilungs- und Anforderungskriterien werden offengelegt.<\/li>\n<\/ul>\n\n\n\n<p><strong>Kooperation<\/strong><\/p>\n\n\n\n<ul class=\"wp-block-list\">\n<li>Wir arbeiten im engen Austausch miteinander. Dabei kooperieren wir zielf\u00fchrend mit allen an der Lehrerausbildung beteiligten Personen und Institutionen.<\/li>\n<\/ul>\n\n\n\n<p><strong>Umgang miteinander<\/strong><\/p>\n\n\n\n<ul class=\"wp-block-list\">\n<li>Wir pflegen eine Seminarkultur, die gepr\u00e4gt ist von gegenseitigem Respekt, einem konstruktiven Miteinander und identit\u00e4tsstiftenden Aktivit\u00e4ten.<\/li>\n\n\n\n<li>Wir vertreten und vermitteln Werte nach christlichen und humanistischen Grunds\u00e4tzen.<\/li>\n<\/ul>\n\n\n\n<p><strong>Begleitung<\/strong><\/p>\n\n\n\n<ul class=\"wp-block-list\">\n<li>Wir begleiten auf fachlich und pers\u00f6nlich beratender und abschlie\u00dfend auf bewertender Ebene.<\/li>\n<\/ul>\n","protected":false},"excerpt":{"rendered":"<p>Professionalit\u00e4t Reflexion Individualit\u00e4t Transparenz Kooperation Umgang miteinander Begleitung<\/p>\n","protected":false},"author":1,"featured_media":0,"parent":0,"menu_order":0,"comment_status":"closed","ping_status":"closed","template":"","meta":{"pgc_sgb_lightbox_settings":"","footnotes":""},"class_list":["post-76","page","type-page","status-publish","hentry"],"_links":{"self":[{"href":"https:\/\/www.studienseminar-vechta.de\/hp\/wp-json\/wp\/v2\/pages\/76","targetHints":{"allow":["GET"]}}],"collection":[{"href":"https:\/\/www.studienseminar-vechta.de\/hp\/wp-json\/wp\/v2\/pages"}],"about":[{"href":"https:\/\/www.studienseminar-vechta.de\/hp\/wp-json\/wp\/v2\/types\/page"}],"author":[{"embeddable":true,"href":"https:\/\/www.studienseminar-vechta.de\/hp\/wp-json\/wp\/v2\/users\/1"}],"replies":[{"embeddable":true,"href":"https:\/\/www.studienseminar-vechta.de\/hp\/wp-json\/wp\/v2\/comments?post=76"}],"version-history":[{"count":2,"href":"https:\/\/www.studienseminar-vechta.de\/hp\/wp-json\/wp\/v2\/pages\/76\/revisions"}],"predecessor-version":[{"id":297,"href":"https:\/\/www.studienseminar-vechta.de\/hp\/wp-json\/wp\/v2\/pages\/76\/revisions\/297"}],"wp:attachment":[{"href":"https:\/\/www.studienseminar-vechta.de\/hp\/wp-json\/wp\/v2\/media?parent=76"}],"curies":[{"name":"wp","href":"https:\/\/api.w.org\/{rel}","templated":true}]}}